{"id":987511937,"date":"2023-12-05T15:11:19","date_gmt":"2023-12-05T14:11:19","guid":{"rendered":"https:\/\/carolin-gries.de\/?page_id=987511937"},"modified":"2025-11-19T11:46:33","modified_gmt":"2025-11-19T10:46:33","slug":"impressum","status":"publish","type":"page","link":"https:\/\/carolin-gries.de\/?page_id=987511937","title":{"rendered":"Impressum"},"content":{"rendered":"<p>[et_pb_section fb_built=&#8220;1&#8243; admin_label=&#8220;Header&#8220; _builder_version=&#8220;4.22.2&#8243; _module_preset=&#8220;default&#8220; background_enable_color=&#8220;off&#8220; use_background_color_gradient=&#8220;on&#8220; background_color_gradient_stops=&#8220;#020202 0%|rgba(48,47,49,0.65) 99%&#8220; background_color_gradient_overlays_image=&#8220;on&#8220; background_image=&#8220;https:\/\/carolin-gries.de\/wp-content\/uploads\/2023\/12\/IMG_0277-scaled.jpeg&#8220; overflow-x=&#8220;hidden&#8220; overflow-y=&#8220;hidden&#8220; custom_margin=&#8220;-113px||||false|false&#8220; custom_padding=&#8220;106px||51px||false|false&#8220; bottom_divider_style=&#8220;asymmetric&#8220; bottom_divider_color=&#8220;#302F31&#8243; bottom_divider_arrangement=&#8220;above_content&#8220; da_disable_devices=&#8220;off|off|off&#8220; collapsed=&#8220;on&#8220; global_colors_info=&#8220;{}&#8220; da_is_popup=&#8220;off&#8220; da_exit_intent=&#8220;off&#8220; da_has_close=&#8220;on&#8220; da_alt_close=&#8220;off&#8220; da_dark_close=&#8220;off&#8220; da_not_modal=&#8220;on&#8220; da_is_singular=&#8220;off&#8220; da_with_loader=&#8220;off&#8220; da_has_shadow=&#8220;on&#8220;][et_pb_row _builder_version=&#8220;4.22.2&#8243; _module_preset=&#8220;default&#8220; custom_margin=&#8220;3%||3%||false|false&#8220; global_colors_info=&#8220;{}&#8220;][et_pb_column type=&#8220;4_4&#8243; _builder_version=&#8220;4.22.2&#8243; _module_preset=&#8220;default&#8220; global_colors_info=&#8220;{}&#8220;][et_pb_text _builder_version=&#8220;4.23.1&#8243; _module_preset=&#8220;8bd269ff-d828-4eee-997c-7848b75b51e5&#8243; header_2_font=&#8220;El Messiri|600||on|||||&#8220; header_2_text_align=&#8220;center&#8220; header_2_text_color=&#8220;#E8E8E8&#8243; header_2_font_size=&#8220;71px&#8220; animation_style=&#8220;fade&#8220; global_colors_info=&#8220;{}&#8220;]<\/p>\n<h2>impressum<\/h2>\n<p>[\/et_pb_text][\/et_pb_column][\/et_pb_row][\/et_pb_section][et_pb_section fb_built=&#8220;1&#8243; _builder_version=&#8220;4.22.2&#8243; _module_preset=&#8220;default&#8220; background_color=&#8220;#302F31&#8243; da_disable_devices=&#8220;off|off|off&#8220; global_colors_info=&#8220;{}&#8220; da_is_popup=&#8220;off&#8220; da_exit_intent=&#8220;off&#8220; da_has_close=&#8220;on&#8220; da_alt_close=&#8220;off&#8220; da_dark_close=&#8220;off&#8220; da_not_modal=&#8220;on&#8220; da_is_singular=&#8220;off&#8220; da_with_loader=&#8220;off&#8220; da_has_shadow=&#8220;on&#8220;][et_pb_row _builder_version=&#8220;4.22.2&#8243; _module_preset=&#8220;default&#8220; custom_padding=&#8220;0px|||||&#8220; global_colors_info=&#8220;{}&#8220;][et_pb_column type=&#8220;4_4&#8243; _builder_version=&#8220;4.22.2&#8243; _module_preset=&#8220;default&#8220; global_colors_info=&#8220;{}&#8220;][et_pb_text _builder_version=&#8220;4.23.1&#8243; _module_preset=&#8220;default&#8220; text_text_color=&#8220;#FFFFFF&#8220; header_text_color=&#8220;#FFFFFF&#8220; header_2_text_color=&#8220;#FFFFFF&#8220; header_3_text_color=&#8220;#FFFFFF&#8220; header_4_text_color=&#8220;#FFFFFF&#8220; header_5_text_color=&#8220;#FFFFFF&#8220; header_6_text_color=&#8220;#FFFFFF&#8220; global_colors_info=&#8220;{}&#8220;]<\/p>\n<h1>Impressum<\/h1>\n<h2>Angaben gem\u00e4\u00df \u00a7 5 TMG<\/h2>\n<p>Carolin Gries<br \/>Lister Platz 1<br \/>30163 Hannover<\/p>\n<h2><\/h2>\n<h2>Kontakt<\/h2>\n<p>Telefon: +49 151 27519479<br \/>E-Mail: hello@carolin-gries.de<\/p>\n<h2><\/h2>\n<h2>Berufsbezeichnungen<\/h2>\n<ul>\n<li>Staatlich gepr\u00fcften Kaufm\u00e4nnischen Assistentin f\u00fcr Fremdsprachen &amp; Korrespondenz<\/li>\n<li>Staatlich gepr\u00fcfte Betriebswirtin f\u00fcr Eventmanagement<\/li>\n<li>Online Marketing Managerin<\/li>\n<\/ul>\n<h2><\/h2>\n<h2>EU-Streitschlichtung<\/h2>\n<p>Die Europ\u00e4ische Kommission stellt eine Plattform zur Online-Streitbeilegung (OS) bereit: <a href=\"https:\/\/ec.europa.eu\/consumers\/odr\/\" target=\"_blank\" rel=\"noopener noreferrer\">https:\/\/ec.europa.eu\/consumers\/odr\/<\/a>.<br \/>Unsere E-Mail-Adresse finden Sie oben im Impressum.<\/p>\n<h2><\/h2>\n<h2>Verbraucher\u00adstreit\u00adbeilegung\/Universal\u00adschlichtungs\u00adstelle<\/h2>\n<p>Wir sind nicht bereit oder verpflichtet, an Streitbeilegungsverfahren vor einer Verbraucherschlichtungsstelle<br \/>teilzunehmen.<\/p>\n<p>Quelle: <a href=\"https:\/\/www.e-recht24.de\">eRecht24<\/a><\/p>\n<p>[\/et_pb_text][\/et_pb_column][\/et_pb_row][\/et_pb_section]<\/p>\n","protected":false},"excerpt":{"rendered":"<p>impressumImpressum Angaben gem\u00e4\u00df \u00a7 5 TMG Carolin GriesLister Platz 130163 Hannover Kontakt Telefon: +49 151 27519479E-Mail: hello@carolin-gries.de Berufsbezeichnungen Staatlich gepr\u00fcften Kaufm\u00e4nnischen Assistentin f\u00fcr Fremdsprachen &amp; Korrespondenz Staatlich gepr\u00fcfte Betriebswirtin f\u00fcr Eventmanagement Online Marketing Managerin EU-Streitschlichtung Die Europ\u00e4ische Kommission stellt eine Plattform zur Online-Streitbeilegung (OS) bereit: https:\/\/ec.europa.eu\/consumers\/odr\/.Unsere E-Mail-Adresse finden Sie oben im Impressum. Verbraucher\u00adstreit\u00adbeilegung\/Universal\u00adschlichtungs\u00adstelle Wir sind [&hellip;]<\/p>\n","protected":false},"author":2,"featured_media":0,"parent":0,"menu_order":0,"comment_status":"closed","ping_status":"closed","template":"","meta":{"_et_pb_use_builder":"on","_et_pb_old_content":"","_et_gb_content_width":"","footnotes":""},"class_list":["post-987511937","page","type-page","status-publish","hentry"],"_links":{"self":[{"href":"https:\/\/carolin-gries.de\/index.php?rest_route=\/wp\/v2\/pages\/987511937","targetHints":{"allow":["GET"]}}],"collection":[{"href":"https:\/\/carolin-gries.de\/index.php?rest_route=\/wp\/v2\/pages"}],"about":[{"href":"https:\/\/carolin-gries.de\/index.php?rest_route=\/wp\/v2\/types\/page"}],"author":[{"embeddable":true,"href":"https:\/\/carolin-gries.de\/index.php?rest_route=\/wp\/v2\/users\/2"}],"replies":[{"embeddable":true,"href":"https:\/\/carolin-gries.de\/index.php?rest_route=%2Fwp%2Fv2%2Fcomments&post=987511937"}],"version-history":[{"count":8,"href":"https:\/\/carolin-gries.de\/index.php?rest_route=\/wp\/v2\/pages\/987511937\/revisions"}],"predecessor-version":[{"id":987512714,"href":"https:\/\/carolin-gries.de\/index.php?rest_route=\/wp\/v2\/pages\/987511937\/revisions\/987512714"}],"wp:attachment":[{"href":"https:\/\/carolin-gries.de\/index.php?rest_route=%2Fwp%2Fv2%2Fmedia&parent=987511937"}],"curies":[{"name":"wp","href":"https:\/\/api.w.org\/{rel}","templated":true}]}}