{"id":987512053,"date":"2023-12-13T12:11:06","date_gmt":"2023-12-13T11:11:06","guid":{"rendered":"https:\/\/carolin-gries.de\/?page_id=987512053"},"modified":"2024-02-26T09:34:05","modified_gmt":"2024-02-26T08:34:05","slug":"review","status":"publish","type":"page","link":"https:\/\/carolin-gries.de\/?page_id=987512053","title":{"rendered":"Review"},"content":{"rendered":"<p>[et_pb_section fb_built=&#8220;1&#8243; admin_label=&#8220;Header&#8220; _builder_version=&#8220;4.23.1&#8243; _module_preset=&#8220;default&#8220; background_enable_color=&#8220;off&#8220; use_background_color_gradient=&#8220;on&#8220; background_color_gradient_stops=&#8220;#020202 0%|rgba(48,47,49,0.65) 99%&#8220; background_color_gradient_overlays_image=&#8220;on&#8220; background_image=&#8220;https:\/\/carolin-gries.de\/wp-content\/uploads\/2023\/11\/IMG_2724-scaled.jpeg&#8220; overflow-x=&#8220;hidden&#8220; overflow-y=&#8220;hidden&#8220; custom_margin=&#8220;-113px||||false|false&#8220; custom_padding=&#8220;106px||51px||false|false&#8220; bottom_divider_style=&#8220;asymmetric&#8220; bottom_divider_color=&#8220;#3D4141&#8243; bottom_divider_arrangement=&#8220;above_content&#8220; da_disable_devices=&#8220;off|off|off&#8220; collapsed=&#8220;off&#8220; global_colors_info=&#8220;{}&#8220; da_is_popup=&#8220;off&#8220; da_exit_intent=&#8220;off&#8220; da_has_close=&#8220;on&#8220; da_alt_close=&#8220;off&#8220; da_dark_close=&#8220;off&#8220; da_not_modal=&#8220;on&#8220; da_is_singular=&#8220;off&#8220; da_with_loader=&#8220;off&#8220; da_has_shadow=&#8220;on&#8220;][et_pb_row _builder_version=&#8220;4.22.2&#8243; _module_preset=&#8220;default&#8220; custom_margin=&#8220;3%||3%||false|false&#8220; global_colors_info=&#8220;{}&#8220;][et_pb_column type=&#8220;4_4&#8243; _builder_version=&#8220;4.22.2&#8243; _module_preset=&#8220;default&#8220; global_colors_info=&#8220;{}&#8220;][et_pb_text _builder_version=&#8220;4.23.4&#8243; _module_preset=&#8220;4abec473-a1cc-4de9-a307-02affd95587b&#8220; header_2_font=&#8220;El Messiri|600|||||||&#8220; header_2_text_align=&#8220;center&#8220; header_2_text_color=&#8220;#E8E8E8&#8243; header_2_font_size=&#8220;71px&#8220; animation_style=&#8220;fade&#8220; header_2_font_size_tablet=&#8220;71px&#8220; header_2_font_size_phone=&#8220;38px&#8220; header_2_font_size_last_edited=&#8220;on|tablet&#8220; global_colors_info=&#8220;{}&#8220;]<\/p>\n<h2>REVIEW<\/h2>\n<p>[\/et_pb_text][\/et_pb_column][\/et_pb_row][\/et_pb_section][et_pb_section fb_built=&#8220;1&#8243; disabled_on=&#8220;on|on|off&#8220; _builder_version=&#8220;4.23.1&#8243; _module_preset=&#8220;default&#8220; background_color=&#8220;#3D4141&#8243; da_disable_devices=&#8220;off|off|off&#8220; global_colors_info=&#8220;{}&#8220; da_is_popup=&#8220;off&#8220; da_exit_intent=&#8220;off&#8220; da_has_close=&#8220;on&#8220; da_alt_close=&#8220;off&#8220; da_dark_close=&#8220;off&#8220; da_not_modal=&#8220;on&#8220; da_is_singular=&#8220;off&#8220; da_with_loader=&#8220;off&#8220; da_has_shadow=&#8220;on&#8220;][et_pb_row _builder_version=&#8220;4.23.1&#8243; _module_preset=&#8220;default&#8220; width=&#8220;100%&#8220; max_width=&#8220;100%&#8220; module_alignment=&#8220;center&#8220; global_colors_info=&#8220;{}&#8220;][et_pb_column type=&#8220;4_4&#8243; _builder_version=&#8220;4.23.1&#8243; _module_preset=&#8220;default&#8220; global_colors_info=&#8220;{}&#8220;][et_pb_code _builder_version=&#8220;4.23.1&#8243; _module_preset=&#8220;default&#8220; transform_scale=&#8220;104%|104%&#8220; module_alignment=&#8220;center&#8220; global_colors_info=&#8220;{}&#8220;]<div class='theta-carousel-outer-container'>  <div class='theta-carousel-container'>      <input type='hidden' id='theta_carousel_slides' disabled value='eyIwIjp7InVybCI6Imh0dHBzOi8vY2Fyb2xpbi1ncmllcy5kZS93cC1jb250ZW50L3VwbG9hZHMvMjAyMy8xMi9yZXZpZXctMS5wbmciLCJ0aXRsZSI6InJldmlldyAoMSkiLCJ0aHVtYm5haWwiOnsid2lkdGgiOjE1MCwiaGVpZ2h0IjoxNTAsInVybCI6Imh0dHBzOi8vY2Fyb2xpbi1ncmllcy5kZS93cC1jb250ZW50L3VwbG9hZHMvMjAyMy8xMi9yZXZpZXctMS0xNTB4MTUwLnBuZyJ9LCJmdWxsIjp7IndpZHRoIjoxMjAwLCJoZWlnaHQiOjUwMCwidXJsIjoiaHR0cHM6Ly9jYXJvbGluLWdyaWVzLmRlL3dwLWNvbnRlbnQvdXBsb2Fkcy8yMDIzLzEyL3Jldmlldy0xLnBuZyJ9LCJzbGlkZVRpdGxlIjoicmV2aWV3ICgxKSJ9LCIxIjp7InVybCI6Imh0dHBzOi8vY2Fyb2xpbi1ncmllcy5kZS93cC1jb250ZW50L3VwbG9hZHMvMjAyMy8xMi9yZXZpZXctMi5wbmciLCJ0aXRsZSI6InJldmlldyAoMikiLCJ0aHVtYm5haWwiOnsid2lkdGgiOjE1MCwiaGVpZ2h0IjoxNTAsInVybCI6Imh0dHBzOi8vY2Fyb2xpbi1ncmllcy5kZS93cC1jb250ZW50L3VwbG9hZHMvMjAyMy8xMi9yZXZpZXctMi0xNTB4MTUwLnBuZyJ9LCJmdWxsIjp7IndpZHRoIjoxMjAwLCJoZWlnaHQiOjUwMCwidXJsIjoiaHR0cHM6Ly9jYXJvbGluLWdyaWVzLmRlL3dwLWNvbnRlbnQvdXBsb2Fkcy8yMDIzLzEyL3Jldmlldy0yLnBuZyJ9LCJzbGlkZVRpdGxlIjoicmV2aWV3ICgyKSJ9LCIyIjp7InVybCI6Imh0dHBzOi8vY2Fyb2xpbi1ncmllcy5kZS93cC1jb250ZW50L3VwbG9hZHMvMjAyMy8xMi9yZXZpZXctMy5wbmciLCJ0aXRsZSI6InJldmlldyAoMykiLCJ0aHVtYm5haWwiOnsid2lkdGgiOjE1MCwiaGVpZ2h0IjoxNTAsInVybCI6Imh0dHBzOi8vY2Fyb2xpbi1ncmllcy5kZS93cC1jb250ZW50L3VwbG9hZHMvMjAyMy8xMi9yZXZpZXctMy0xNTB4MTUwLnBuZyJ9LCJmdWxsIjp7IndpZHRoIjoxMjAwLCJoZWlnaHQiOjUwMCwidXJsIjoiaHR0cHM6Ly9jYXJvbGluLWdyaWVzLmRlL3dwLWNvbnRlbnQvdXBsb2Fkcy8yMDIzLzEyL3Jldmlldy0zLnBuZyJ9LCJzbGlkZVRpdGxlIjoicmV2aWV3ICgzKSJ9LCIzIjp7InVybCI6Imh0dHBzOi8vY2Fyb2xpbi1ncmllcy5kZS93cC1jb250ZW50L3VwbG9hZHMvMjAyMy8xMi9yZXZpZXctNC5wbmciLCJ0aXRsZSI6InJldmlldyAoNCkiLCJ0aHVtYm5haWwiOnsid2lkdGgiOjE1MCwiaGVpZ2h0IjoxNTAsInVybCI6Imh0dHBzOi8vY2Fyb2xpbi1ncmllcy5kZS93cC1jb250ZW50L3VwbG9hZHMvMjAyMy8xMi9yZXZpZXctNC0xNTB4MTUwLnBuZyJ9LCJmdWxsIjp7IndpZHRoIjoxMjAwLCJoZWlnaHQiOjUwMCwidXJsIjoiaHR0cHM6Ly9jYXJvbGluLWdyaWVzLmRlL3dwLWNvbnRlbnQvdXBsb2Fkcy8yMDIzLzEyL3Jldmlldy00LnBuZyJ9LCJzbGlkZVRpdGxlIjoicmV2aWV3ICg0KSJ9LCI0Ijp7InVybCI6Imh0dHBzOi8vY2Fyb2xpbi1ncmllcy5kZS93cC1jb250ZW50L3VwbG9hZHMvMjAyMy8xMi9yZXZpZXctNS5wbmciLCJ0aXRsZSI6InJldmlldyAoNSkiLCJ0aHVtYm5haWwiOnsid2lkdGgiOjE1MCwiaGVpZ2h0IjoxNTAsInVybCI6Imh0dHBzOi8vY2Fyb2xpbi1ncmllcy5kZS93cC1jb250ZW50L3VwbG9hZHMvMjAyMy8xMi9yZXZpZXctNS0xNTB4MTUwLnBuZyJ9LCJmdWxsIjp7IndpZHRoIjoxMjAwLCJoZWlnaHQiOjUwMCwidXJsIjoiaHR0cHM6Ly9jYXJvbGluLWdyaWVzLmRlL3dwLWNvbnRlbnQvdXBsb2Fkcy8yMDIzLzEyL3Jldmlldy01LnBuZyJ9LCJzbGlkZVRpdGxlIjoicmV2aWV3ICg1KSJ9LCI1Ijp7InVybCI6Imh0dHBzOi8vY2Fyb2xpbi1ncmllcy5kZS93cC1jb250ZW50L3VwbG9hZHMvMjAyMy8xMi9yZXZpZXctNi5wbmciLCJ0aXRsZSI6InJldmlldyAoNikiLCJ0aHVtYm5haWwiOnsid2lkdGgiOjE1MCwiaGVpZ2h0IjoxNTAsInVybCI6Imh0dHBzOi8vY2Fyb2xpbi1ncmllcy5kZS93cC1jb250ZW50L3VwbG9hZHMvMjAyMy8xMi9yZXZpZXctNi0xNTB4MTUwLnBuZyJ9LCJmdWxsIjp7IndpZHRoIjoxMjAwLCJoZWlnaHQiOjUwMCwidXJsIjoiaHR0cHM6Ly9jYXJvbGluLWdyaWVzLmRlL3dwLWNvbnRlbnQvdXBsb2Fkcy8yMDIzLzEyL3Jldmlldy02LnBuZyJ9LCJzbGlkZVRpdGxlIjoicmV2aWV3ICg2KSJ9LCJsZW5ndGgiOjYsInByZXZPYmplY3QiOnsiMCI6e30sIjEiOnt9LCIyIjp7fSwiMyI6e30sIjQiOnt9LCI1Ijp7fSwibGVuZ3RoIjo2LCJwcmV2T2JqZWN0Ijp7IjAiOnt9LCJsZW5ndGgiOjF9fX0='>      <input type='hidden' id='theta_carousel_config' disabled value='eyJyYXRpbyI6IjAuNSIsInBhdGgiOiJwYXJhYm9sYSIsInNsaWRlTGF5b3V0IjoiaW1hZ2UiLCJleHRyYSI6eyJhdXRvcm90YXRpb24iOmZhbHNlLCJhdXRvcm90YXRpb25EaXJlY3Rpb24iOiJyaWdodCIsImF1dG9yb3RhdGlvblBhdXNlIjo1MDAsImJvcmRlckNvbG9yIjoiIzAwMDAwMCIsImJvcmRlcldpZHRoIjowLCJjb3JuZXJSYWRpdXMiOjAsImVuZGxlc3NQYXRoIjpmYWxzZSwic2hhZG93Ijp0cnVlLCJzaGFkb3dCbHVyUmFkaXVzIjo1MSwic2hhZG93U3ByZWFkUmFkaXVzIjotOCwic2xpZGVCZ0NvbG9yIjoiI2ZmZmZmZiIsInNsaWRlQmdUYW5zcGFyZW50IjpmYWxzZSwiZnVsbFNjcmVlbk9uVGFwIjp0cnVlLCJyb3RhdGlvbkFuaW1hdGlvbkR1cmF0aW9uIjoxNzkyLCJmb250U2l6ZSI6MjAsImZvbnRDb2xvciI6IiMwMDAwMDAiLCJoZWlnaHQiOjIwMCwibW91c2V3aGVlbEVuYWJsZWQiOnRydWUsImxpbmtzSW5OZXdUYWIiOnRydWUsIm5leHRQcmV2QnV0dG9ucyI6Im5vbmUiLCJhZGp1c3RQYXRoIjoibm9uZSIsInJhdGlvIjo0NH19'>  <\/div><\/div>[\/et_pb_code][\/et_pb_column][\/et_pb_row][\/et_pb_section][et_pb_section fb_built=&#8220;1&#8243; disabled_on=&#8220;off|off|on&#8220; _builder_version=&#8220;4.23.1&#8243; _module_preset=&#8220;default&#8220; background_color=&#8220;#3D4141&#8243; da_disable_devices=&#8220;off|off|off&#8220; global_colors_info=&#8220;{}&#8220; da_is_popup=&#8220;off&#8220; da_exit_intent=&#8220;off&#8220; da_has_close=&#8220;on&#8220; da_alt_close=&#8220;off&#8220; da_dark_close=&#8220;off&#8220; da_not_modal=&#8220;on&#8220; da_is_singular=&#8220;off&#8220; da_with_loader=&#8220;off&#8220; da_has_shadow=&#8220;on&#8220;][et_pb_row _builder_version=&#8220;4.23.1&#8243; _module_preset=&#8220;default&#8220; global_colors_info=&#8220;{}&#8220;][et_pb_column type=&#8220;4_4&#8243; _builder_version=&#8220;4.23.1&#8243; _module_preset=&#8220;default&#8220; global_colors_info=&#8220;{}&#8220;][et_pb_text _builder_version=&#8220;4.24.2&#8243; _module_preset=&#8220;default&#8220; text_text_color=&#8220;#FFFFFF&#8220; header_font=&#8220;El Messiri||||||||&#8220; header_text_color=&#8220;#A87474&#8243; header_3_font=&#8220;El Messiri||||||||&#8220; header_3_text_color=&#8220;#FFFFFF&#8220; custom_padding=&#8220;3%|10%|3%|10%|true|true&#8220; box_shadow_style=&#8220;preset1&#8243; global_colors_info=&#8220;{}&#8220;]<\/p>\n<h1 style=\"text-align: center;\">&#8222;<\/h1>\n<h3 style=\"text-align: center;\">Nicole<\/h3>\n<p style=\"text-align: center;\">Caro brennt f\u00fcr ihre Arbeit. Mit ihrem fachlichen Background und ihrer kommunikativen St\u00e4rke holt sie den Kunden ab und versteht es auch in stressigen Situationen immer einen k\u00fchlen Kopf zu bewahren. Mit ihrer guten Laune, Freude &amp; Leidenschaft bei der Arbeit und ihrem Optimismus &amp; Charme rei\u00dft sie die Menschen mit.<\/p>\n<p>[\/et_pb_text][et_pb_text _builder_version=&#8220;4.24.2&#8243; _module_preset=&#8220;default&#8220; text_text_color=&#8220;#FFFFFF&#8220; header_font=&#8220;El Messiri||||||||&#8220; header_text_color=&#8220;#A87474&#8243; header_3_font=&#8220;El Messiri||||||||&#8220; header_3_text_color=&#8220;#FFFFFF&#8220; custom_padding=&#8220;3%|10%|3%|10%|true|true&#8220; box_shadow_style=&#8220;preset1&#8243; global_colors_info=&#8220;{}&#8220;]<\/p>\n<h1 style=\"text-align: center;\">&#8222;<\/h1>\n<h3 style=\"text-align: center;\">Alex<\/h3>\n<p style=\"text-align: center;\"><span class=\"OYPEnA text-decoration-none text-strikethrough-none\" style=\"color: #e2e2e2; font-weight: 400; font-style: normal;\">Dank Carolin und Team haben wir unsere Online Pr\u00e4senz verst\u00e4rken k\u00f6nnen und eine erfolgreiche Kampagne realisiert. Wir freuen uns schon auf die n\u00e4chsten Projekte.<\/span><\/p>\n<p>[\/et_pb_text][et_pb_text _builder_version=&#8220;4.24.2&#8243; _module_preset=&#8220;default&#8220; text_text_color=&#8220;#FFFFFF&#8220; header_font=&#8220;El Messiri||||||||&#8220; header_text_color=&#8220;#A87474&#8243; header_3_font=&#8220;El Messiri||||||||&#8220; header_3_text_color=&#8220;#FFFFFF&#8220; custom_padding=&#8220;3%|10%|3%|10%|true|true&#8220; box_shadow_style=&#8220;preset1&#8243; global_colors_info=&#8220;{}&#8220;]<\/p>\n<h1 style=\"text-align: center;\">&#8222;<\/h1>\n<h3 style=\"text-align: center;\">Wilhelm<\/h3>\n<p style=\"text-align: center;\"><span class=\"OYPEnA text-decoration-none text-strikethrough-none\" style=\"color: #e2e2e2; font-weight: 400; font-style: normal;\">Tolle Arbeit. Ich bin sehr zufrieden, wie Carolin es immer wieder schafft aus dem vorgegebenen Budget das maximale Ergebnis raus zu holen.<\/span><\/p>\n<p>[\/et_pb_text][et_pb_text _builder_version=&#8220;4.24.2&#8243; _module_preset=&#8220;default&#8220; text_text_color=&#8220;#FFFFFF&#8220; header_font=&#8220;El Messiri||||||||&#8220; header_text_color=&#8220;#A87474&#8243; header_3_font=&#8220;El Messiri||||||||&#8220; header_3_text_color=&#8220;#FFFFFF&#8220; custom_padding=&#8220;3%|10%|3%|10%|true|true&#8220; box_shadow_style=&#8220;preset1&#8243; global_colors_info=&#8220;{}&#8220;]<\/p>\n<h1 style=\"text-align: center;\">&#8222;<\/h1>\n<h3 style=\"text-align: center;\">Andrea<\/h3>\n<p style=\"text-align: center;\"><span class=\"OYPEnA text-decoration-none text-strikethrough-none\" style=\"color: #e2e2e2; font-weight: 400; font-style: normal;\">Sie versteht Ihren Job zu 100 Prozent.<\/span><\/p>\n<p>[\/et_pb_text][et_pb_text _builder_version=&#8220;4.24.2&#8243; _module_preset=&#8220;default&#8220; text_text_color=&#8220;#FFFFFF&#8220; header_font=&#8220;El Messiri||||||||&#8220; header_text_color=&#8220;#A87474&#8243; header_3_font=&#8220;El Messiri||||||||&#8220; header_3_text_color=&#8220;#FFFFFF&#8220; custom_padding=&#8220;3%|10%|3%|10%|true|true&#8220; box_shadow_style=&#8220;preset1&#8243; global_colors_info=&#8220;{}&#8220;]<\/p>\n<h1 style=\"text-align: center;\">&#8222;<\/h1>\n<h3 style=\"text-align: center;\">Simon<\/h3>\n<p style=\"text-align: center;\"><span class=\"OYPEnA text-decoration-none text-strikethrough-none\" style=\"color: #e2e2e2; font-weight: 400; font-style: normal;\">Ich hatte jahrelang das Vergn\u00fcgen mit Caro Gries zusammen- zuarbeiten. Strukturiert, fokussiert und zielorientiert, ohne dabei den Spa\u00df aus den Augen zu verlieren.<\/span><\/p>\n<p>[\/et_pb_text][et_pb_text _builder_version=&#8220;4.24.2&#8243; _module_preset=&#8220;default&#8220; text_text_color=&#8220;#FFFFFF&#8220; header_font=&#8220;El Messiri||||||||&#8220; header_text_color=&#8220;#A87474&#8243; header_3_font=&#8220;El Messiri||||||||&#8220; header_3_text_color=&#8220;#FFFFFF&#8220; custom_padding=&#8220;3%|10%|3%|10%|true|true&#8220; box_shadow_style=&#8220;preset1&#8243; global_colors_info=&#8220;{}&#8220;]<\/p>\n<h1 style=\"text-align: center;\">&#8222;<\/h1>\n<h3 style=\"text-align: center;\">Nadine<\/h3>\n<p style=\"text-align: center;\"><span class=\"OYPEnA text-decoration-none text-strikethrough-none\" style=\"color: #e2e2e2; font-weight: 400; font-style: normal;\">Sehr professionelle Arbeit. Zielgerichteter und souver\u00e4ner Auftritt. Die Zusammenarbeit ist immer locker leicht und sehr gewissenhaft.<\/span><\/p>\n<p>[\/et_pb_text][\/et_pb_column][\/et_pb_row][\/et_pb_section]<\/p>\n","protected":false},"excerpt":{"rendered":"<p>REVIEW<div class='theta-carousel-outer-container'>  <div class='theta-carousel-container'>      <input type='hidden' id='theta_carousel_slides' disabled value='eyIwIjp7InVybCI6Imh0dHBzOi8vY2Fyb2xpbi1ncmllcy5kZS93cC1jb250ZW50L3VwbG9hZHMvMjAyMy8xMi9yZXZpZXctMS5wbmciLCJ0aXRsZSI6InJldmlldyAoMSkiLCJ0aHVtYm5haWwiOnsid2lkdGgiOjE1MCwiaGVpZ2h0IjoxNTAsInVybCI6Imh0dHBzOi8vY2Fyb2xpbi1ncmllcy5kZS93cC1jb250ZW50L3VwbG9hZHMvMjAyMy8xMi9yZXZpZXctMS0xNTB4MTUwLnBuZyJ9LCJmdWxsIjp7IndpZHRoIjoxMjAwLCJoZWlnaHQiOjUwMCwidXJsIjoiaHR0cHM6Ly9jYXJvbGluLWdyaWVzLmRlL3dwLWNvbnRlbnQvdXBsb2Fkcy8yMDIzLzEyL3Jldmlldy0xLnBuZyJ9LCJzbGlkZVRpdGxlIjoicmV2aWV3ICgxKSJ9LCIxIjp7InVybCI6Imh0dHBzOi8vY2Fyb2xpbi1ncmllcy5kZS93cC1jb250ZW50L3VwbG9hZHMvMjAyMy8xMi9yZXZpZXctMi5wbmciLCJ0aXRsZSI6InJldmlldyAoMikiLCJ0aHVtYm5haWwiOnsid2lkdGgiOjE1MCwiaGVpZ2h0IjoxNTAsInVybCI6Imh0dHBzOi8vY2Fyb2xpbi1ncmllcy5kZS93cC1jb250ZW50L3VwbG9hZHMvMjAyMy8xMi9yZXZpZXctMi0xNTB4MTUwLnBuZyJ9LCJmdWxsIjp7IndpZHRoIjoxMjAwLCJoZWlnaHQiOjUwMCwidXJsIjoiaHR0cHM6Ly9jYXJvbGluLWdyaWVzLmRlL3dwLWNvbnRlbnQvdXBsb2Fkcy8yMDIzLzEyL3Jldmlldy0yLnBuZyJ9LCJzbGlkZVRpdGxlIjoicmV2aWV3ICgyKSJ9LCIyIjp7InVybCI6Imh0dHBzOi8vY2Fyb2xpbi1ncmllcy5kZS93cC1jb250ZW50L3VwbG9hZHMvMjAyMy8xMi9yZXZpZXctMy5wbmciLCJ0aXRsZSI6InJldmlldyAoMykiLCJ0aHVtYm5haWwiOnsid2lkdGgiOjE1MCwiaGVpZ2h0IjoxNTAsInVybCI6Imh0dHBzOi8vY2Fyb2xpbi1ncmllcy5kZS93cC1jb250ZW50L3VwbG9hZHMvMjAyMy8xMi9yZXZpZXctMy0xNTB4MTUwLnBuZyJ9LCJmdWxsIjp7IndpZHRoIjoxMjAwLCJoZWlnaHQiOjUwMCwidXJsIjoiaHR0cHM6Ly9jYXJvbGluLWdyaWVzLmRlL3dwLWNvbnRlbnQvdXBsb2Fkcy8yMDIzLzEyL3Jldmlldy0zLnBuZyJ9LCJzbGlkZVRpdGxlIjoicmV2aWV3ICgzKSJ9LCIzIjp7InVybCI6Imh0dHBzOi8vY2Fyb2xpbi1ncmllcy5kZS93cC1jb250ZW50L3VwbG9hZHMvMjAyMy8xMi9yZXZpZXctNC5wbmciLCJ0aXRsZSI6InJldmlldyAoNCkiLCJ0aHVtYm5haWwiOnsid2lkdGgiOjE1MCwiaGVpZ2h0IjoxNTAsInVybCI6Imh0dHBzOi8vY2Fyb2xpbi1ncmllcy5kZS93cC1jb250ZW50L3VwbG9hZHMvMjAyMy8xMi9yZXZpZXctNC0xNTB4MTUwLnBuZyJ9LCJmdWxsIjp7IndpZHRoIjoxMjAwLCJoZWlnaHQiOjUwMCwidXJsIjoiaHR0cHM6Ly9jYXJvbGluLWdyaWVzLmRlL3dwLWNvbnRlbnQvdXBsb2Fkcy8yMDIzLzEyL3Jldmlldy00LnBuZyJ9LCJzbGlkZVRpdGxlIjoicmV2aWV3ICg0KSJ9LCI0Ijp7InVybCI6Imh0dHBzOi8vY2Fyb2xpbi1ncmllcy5kZS93cC1jb250ZW50L3VwbG9hZHMvMjAyMy8xMi9yZXZpZXctNS5wbmciLCJ0aXRsZSI6InJldmlldyAoNSkiLCJ0aHVtYm5haWwiOnsid2lkdGgiOjE1MCwiaGVpZ2h0IjoxNTAsInVybCI6Imh0dHBzOi8vY2Fyb2xpbi1ncmllcy5kZS93cC1jb250ZW50L3VwbG9hZHMvMjAyMy8xMi9yZXZpZXctNS0xNTB4MTUwLnBuZyJ9LCJmdWxsIjp7IndpZHRoIjoxMjAwLCJoZWlnaHQiOjUwMCwidXJsIjoiaHR0cHM6Ly9jYXJvbGluLWdyaWVzLmRlL3dwLWNvbnRlbnQvdXBsb2Fkcy8yMDIzLzEyL3Jldmlldy01LnBuZyJ9LCJzbGlkZVRpdGxlIjoicmV2aWV3ICg1KSJ9LCI1Ijp7InVybCI6Imh0dHBzOi8vY2Fyb2xpbi1ncmllcy5kZS93cC1jb250ZW50L3VwbG9hZHMvMjAyMy8xMi9yZXZpZXctNi5wbmciLCJ0aXRsZSI6InJldmlldyAoNikiLCJ0aHVtYm5haWwiOnsid2lkdGgiOjE1MCwiaGVpZ2h0IjoxNTAsInVybCI6Imh0dHBzOi8vY2Fyb2xpbi1ncmllcy5kZS93cC1jb250ZW50L3VwbG9hZHMvMjAyMy8xMi9yZXZpZXctNi0xNTB4MTUwLnBuZyJ9LCJmdWxsIjp7IndpZHRoIjoxMjAwLCJoZWlnaHQiOjUwMCwidXJsIjoiaHR0cHM6Ly9jYXJvbGluLWdyaWVzLmRlL3dwLWNvbnRlbnQvdXBsb2Fkcy8yMDIzLzEyL3Jldmlldy02LnBuZyJ9LCJzbGlkZVRpdGxlIjoicmV2aWV3ICg2KSJ9LCJsZW5ndGgiOjYsInByZXZPYmplY3QiOnsiMCI6e30sIjEiOnt9LCIyIjp7fSwiMyI6e30sIjQiOnt9LCI1Ijp7fSwibGVuZ3RoIjo2LCJwcmV2T2JqZWN0Ijp7IjAiOnt9LCJsZW5ndGgiOjF9fX0='>      <input type='hidden' id='theta_carousel_config' disabled value='eyJyYXRpbyI6IjAuNSIsInBhdGgiOiJwYXJhYm9sYSIsInNsaWRlTGF5b3V0IjoiaW1hZ2UiLCJleHRyYSI6eyJhdXRvcm90YXRpb24iOmZhbHNlLCJhdXRvcm90YXRpb25EaXJlY3Rpb24iOiJyaWdodCIsImF1dG9yb3RhdGlvblBhdXNlIjo1MDAsImJvcmRlckNvbG9yIjoiIzAwMDAwMCIsImJvcmRlcldpZHRoIjowLCJjb3JuZXJSYWRpdXMiOjAsImVuZGxlc3NQYXRoIjpmYWxzZSwic2hhZG93Ijp0cnVlLCJzaGFkb3dCbHVyUmFkaXVzIjo1MSwic2hhZG93U3ByZWFkUmFkaXVzIjotOCwic2xpZGVCZ0NvbG9yIjoiI2ZmZmZmZiIsInNsaWRlQmdUYW5zcGFyZW50IjpmYWxzZSwiZnVsbFNjcmVlbk9uVGFwIjp0cnVlLCJyb3RhdGlvbkFuaW1hdGlvbkR1cmF0aW9uIjoxNzkyLCJmb250U2l6ZSI6MjAsImZvbnRDb2xvciI6IiMwMDAwMDAiLCJoZWlnaHQiOjIwMCwibW91c2V3aGVlbEVuYWJsZWQiOnRydWUsImxpbmtzSW5OZXdUYWIiOnRydWUsIm5leHRQcmV2QnV0dG9ucyI6Im5vbmUiLCJhZGp1c3RQYXRoIjoibm9uZSIsInJhdGlvIjo0NH19'>  <\/div><\/div>&#8220; Nicole Caro brennt f\u00fcr ihre Arbeit. Mit ihrem fachlichen Background und ihrer kommunikativen St\u00e4rke holt sie den Kunden ab und versteht es auch in stressigen Situationen immer einen k\u00fchlen Kopf zu bewahren. Mit ihrer guten Laune, Freude &amp; Leidenschaft bei der Arbeit und ihrem Optimismus &amp; Charme rei\u00dft sie die Menschen mit.&#8220; Alex [&hellip;]<\/p>\n","protected":false},"author":2,"featured_media":0,"parent":0,"menu_order":0,"comment_status":"closed","ping_status":"closed","template":"","meta":{"_et_pb_use_builder":"on","_et_pb_old_content":"","_et_gb_content_width":"","footnotes":""},"class_list":["post-987512053","page","type-page","status-publish","hentry"],"_links":{"self":[{"href":"https:\/\/carolin-gries.de\/index.php?rest_route=\/wp\/v2\/pages\/987512053","targetHints":{"allow":["GET"]}}],"collection":[{"href":"https:\/\/carolin-gries.de\/index.php?rest_route=\/wp\/v2\/pages"}],"about":[{"href":"https:\/\/carolin-gries.de\/index.php?rest_route=\/wp\/v2\/types\/page"}],"author":[{"embeddable":true,"href":"https:\/\/carolin-gries.de\/index.php?rest_route=\/wp\/v2\/users\/2"}],"replies":[{"embeddable":true,"href":"https:\/\/carolin-gries.de\/index.php?rest_route=%2Fwp%2Fv2%2Fcomments&post=987512053"}],"version-history":[{"count":14,"href":"https:\/\/carolin-gries.de\/index.php?rest_route=\/wp\/v2\/pages\/987512053\/revisions"}],"predecessor-version":[{"id":987512487,"href":"https:\/\/carolin-gries.de\/index.php?rest_route=\/wp\/v2\/pages\/987512053\/revisions\/987512487"}],"wp:attachment":[{"href":"https:\/\/carolin-gries.de\/index.php?rest_route=%2Fwp%2Fv2%2Fmedia&parent=987512053"}],"curies":[{"name":"wp","href":"https:\/\/api.w.org\/{rel}","templated":true}]}}